{"id":48,"date":"2022-11-02T16:44:43","date_gmt":"2022-11-02T16:44:43","guid":{"rendered":"https:\/\/kraghterapi.dk\/?page_id=48"},"modified":"2025-08-14T18:12:55","modified_gmt":"2025-08-14T18:12:55","slug":"colibri-wp","status":"publish","type":"page","link":"https:\/\/kraghterapi.dk\/","title":{"rendered":"Forside"},"content":{"rendered":"<div data-colibri-id=\"48-c1\" class=\"style-193 style-local-48-c1 position-relative\">\n  <!---->\n  <div data-colibri-component=\"section\" data-colibri-id=\"48-c2\" id=\"custom\" class=\"h-section h-section-global-spacing d-flex align-items-lg-center align-items-md-center align-items-center style-201 style-local-48-c2 position-relative\">\n    <!---->\n    <!---->\n    <div class=\"h-section-grid-container h-section-boxed-container\">\n      <!---->\n      <div data-colibri-id=\"48-c3\" class=\"h-row-container gutters-row-lg-2 gutters-row-md-2 gutters-row-0 gutters-row-v-lg-2 gutters-row-v-md-2 gutters-row-v-2 style-231 style-local-48-c3 position-relative\">\n        <!---->\n        <div class=\"h-row justify-content-lg-center justify-content-md-center justify-content-center align-items-lg-stretch align-items-md-stretch align-items-stretch gutters-col-lg-2 gutters-col-md-2 gutters-col-0 gutters-col-v-lg-2 gutters-col-v-md-2 gutters-col-v-2\">\n          <!---->\n          <div class=\"h-column h-column-container d-flex h-col-lg-auto h-col-md-auto h-col-auto style-232-outer style-local-48-c4-outer\">\n            <div data-colibri-id=\"48-c4\" class=\"d-flex h-flex-basis h-column__inner h-px-lg-2 h-px-md-2 h-px-2 v-inner-lg-2 v-inner-md-2 v-inner-2 style-232 style-local-48-c4 position-relative\">\n              <!---->\n              <!---->\n              <div class=\"w-100 h-y-container h-column__content h-column__v-align flex-basis-100 align-self-lg-start align-self-md-start align-self-start\">\n                <!---->\n                <div data-colibri-id=\"48-c5\" class=\"h-text h-text-component style-233 style-local-48-c5 position-relative h-element\">\n                  <!---->\n                  <!---->\n                  <div class=\"\">\n                    <p>Min praksis er beliggende i natursk\u00f8nne omgivelser ved Gl. Sk\u00f8rping i hjertet af Rebild kommune og ca. 20 minutters k\u00f8rsel fra Aalborg.<\/p>\n                    <p>Jeg tilbyder i min praksis forskellige tilgange, ind i en transformation med fokus p\u00e5 at bringe det frem\n                      <br>der kalder p\u00e5 at blive m\u00f8dt k\u00e6rligt og n\u00e6nsomt fra hjertet.<\/p>\n                    <p>Jeg tilbyder i min praksis individuel psykoterapi, kvantehealing,\n                      <br>spirituel meditativ fordybelse og natur-terapi.<\/p>\n                    <p>\u00a7 75 st\u00f8tte til for\u00e6ldre med anbragte b\u00f8rn, mentor st\u00f8tte, familier\u00e5dgivning, , samt gruppe forl\u00f8b.<\/p>\n                    <p>Temaerne kan eksempelvis v\u00e6re manglende livsmod, selvv\u00e6rd, stress angst og depressioner, spiseforstyrrelser og misbrug,\n                      <br>eksistentielle kriser og udviklingstraumer, sorg og afm\u00e6gtigheds-f\u00f8lelser der begr\u00e6nser dig i at udfolde dit hjertets l\u00e6ngsel.<\/p>\n                    <p>Jeg vil g\u00f8re mit bedste for at skabe en tryg og k\u00e6rlig ramme, til at arbejde med det der for dig har betydning og v\u00e6rdi,\n                      <br> holdt i en respektfuld og anerkendende kontaktform.<\/p>\n                    <p>Ring gerne for en uforpligtende samtale p\u00e5 22 62 01 01.<\/p>\n                  <\/div>\n                <\/div>\n              <\/div>\n            <\/div>\n          <\/div>\n        <\/div>\n      <\/div>\n      <div data-colibri-id=\"48-c6\" class=\"h-row-container gutters-row-lg-2 gutters-row-md-2 gutters-row-0 gutters-row-v-lg-2 gutters-row-v-md-2 gutters-row-v-2 style-234 style-local-48-c6 position-relative\">\n        <!---->\n        <div class=\"h-row justify-content-lg-center justify-content-md-center justify-content-center align-items-lg-stretch align-items-md-stretch align-items-stretch gutters-col-lg-2 gutters-col-md-2 gutters-col-0 gutters-col-v-lg-2 gutters-col-v-md-2 gutters-col-v-2\">\n          <!---->\n          <div class=\"h-column h-column-container d-flex h-col-lg-auto h-col-md-auto h-col-auto style-235-outer style-local-48-c7-outer\">\n            <div data-colibri-id=\"48-c7\" class=\"d-flex h-flex-basis h-column__inner h-px-lg-2 h-px-md-2 h-px-2 v-inner-lg-2 v-inner-md-2 v-inner-2 style-235 style-local-48-c7 position-relative\">\n              <!---->\n              <!---->\n              <div class=\"w-100 h-y-container h-column__content h-column__v-align flex-basis-100 align-self-lg-start align-self-md-start align-self-start\">\n                <!---->\n                <div data-colibri-id=\"48-c8\" class=\"d-block style-236 style-local-48-c8 position-relative h-element\">\n                  <!---->\n                  <div class=\"h-image__frame-container-outer\">\n                    <div class=\"h-image__frame-container\">\n                      <!---->\n                      <!---->\n                      <img loading=\"lazy\" decoding=\"async\" width=\"1600\" height=\"600\" src=\"https:\/\/kraghterapi.dk\/wp-content\/uploads\/2022\/11\/kraghterapi-Hanne1600.jpg\" class=\"wp-image-621 style-236-image style-local-48-c8-image\" alt=\"\" srcset=\"https:\/\/kraghterapi.dk\/wp-content\/uploads\/2022\/11\/kraghterapi-Hanne1600.jpg 1600w, https:\/\/kraghterapi.dk\/wp-content\/uploads\/2022\/11\/kraghterapi-Hanne1600-300x113.jpg 300w, https:\/\/kraghterapi.dk\/wp-content\/uploads\/2022\/11\/kraghterapi-Hanne1600-1024x384.jpg 1024w, https:\/\/kraghterapi.dk\/wp-content\/uploads\/2022\/11\/kraghterapi-Hanne1600-768x288.jpg 768w, https:\/\/kraghterapi.dk\/wp-content\/uploads\/2022\/11\/kraghterapi-Hanne1600-1536x576.jpg 1536w\" sizes=\"auto, (max-width: 1600px) 100vw, 1600px\" \/>\n                      <div class=\"h-image__frame h-hide-lg h-hide-md h-hide-sm style-236-frameImage style-local-48-c8-frameImage\"><\/div>\n                    <\/div>\n                  <\/div>\n                <\/div>\n              <\/div>\n            <\/div>\n          <\/div>\n        <\/div>\n      <\/div>\n    <\/div>\n  <\/div>\n  <div data-colibri-component=\"section\" data-colibri-id=\"48-c9\" id=\"custom-3\" class=\"h-section h-section-global-spacing d-flex align-items-lg-center align-items-md-center align-items-center style-278 style-local-48-c9 position-relative\">\n    <!---->\n    <!---->\n    <div class=\"h-section-grid-container h-section-boxed-container\">\n      <!---->\n      <div data-colibri-id=\"48-c10\" class=\"h-row-container gutters-row-lg-2 gutters-row-md-2 gutters-row-0 gutters-row-v-lg-2 gutters-row-v-md-2 gutters-row-v-2 style-279 style-local-48-c10 position-relative\">\n        <!---->\n        <div class=\"h-row justify-content-lg-center justify-content-md-center justify-content-center align-items-lg-stretch align-items-md-stretch align-items-stretch gutters-col-lg-2 gutters-col-md-2 gutters-col-0 gutters-col-v-lg-2 gutters-col-v-md-2 gutters-col-v-2\">\n          <!---->\n          <div class=\"h-column h-column-container d-flex h-col-lg-auto h-col-md-auto h-col-auto style-280-outer style-local-48-c11-outer\">\n            <div data-colibri-id=\"48-c11\" class=\"d-flex h-flex-basis h-column__inner h-px-lg-2 h-px-md-2 h-px-2 v-inner-lg-2 v-inner-md-2 v-inner-2 style-280 style-local-48-c11 position-relative\">\n              <!---->\n              <!---->\n              <div class=\"w-100 h-y-container h-column__content h-column__v-align flex-basis-100 align-self-lg-start align-self-md-start align-self-start\">\n                <!---->\n                <div data-colibri-id=\"48-c12\" class=\"d-block style-335 style-local-48-c12 position-relative h-element\">\n                  <!---->\n                  <div class=\"h-image__frame-container-outer\">\n                    <a href=\"mailto:hanne@kraghterapi.dk\" target=\"_blank\" h-use-smooth-scroll=\"true\" class=\"image-link\">\n                      <div class=\"h-image__frame-container\">\n                        <!---->\n                        <!---->\n                        <img loading=\"lazy\" decoding=\"async\" width=\"1654\" height=\"154\" src=\"https:\/\/kraghterapi.dk\/wp-content\/uploads\/2022\/11\/iconer-mail-tlf-adresse-groen-baggrund-fini23-psylogo.jpg\" class=\"wp-image-1146 style-335-image style-local-48-c12-image\" alt=\"\" srcset=\"https:\/\/kraghterapi.dk\/wp-content\/uploads\/2022\/11\/iconer-mail-tlf-adresse-groen-baggrund-fini23-psylogo.jpg 1654w, https:\/\/kraghterapi.dk\/wp-content\/uploads\/2022\/11\/iconer-mail-tlf-adresse-groen-baggrund-fini23-psylogo-300x28.jpg 300w, https:\/\/kraghterapi.dk\/wp-content\/uploads\/2022\/11\/iconer-mail-tlf-adresse-groen-baggrund-fini23-psylogo-1024x95.jpg 1024w, https:\/\/kraghterapi.dk\/wp-content\/uploads\/2022\/11\/iconer-mail-tlf-adresse-groen-baggrund-fini23-psylogo-768x72.jpg 768w, https:\/\/kraghterapi.dk\/wp-content\/uploads\/2022\/11\/iconer-mail-tlf-adresse-groen-baggrund-fini23-psylogo-1536x143.jpg 1536w\" sizes=\"auto, (max-width: 1654px) 100vw, 1654px\" \/>\n                        <div class=\"h-image__frame h-hide-lg h-hide-md h-hide-sm style-335-frameImage style-local-48-c12-frameImage\"><\/div>\n                      <\/div>\n                    <\/a>\n                  <\/div>\n                <\/div>\n              <\/div>\n            <\/div>\n          <\/div>\n        <\/div>\n      <\/div>\n    <\/div>\n  <\/div>\n<\/div>","protected":false},"excerpt":{"rendered":"<p>Min praksis er beliggende i natursk\u00f8nne omgivelser ved Gl. Sk\u00f8rping i hjertet af Rebild kommune og ca. 20 minutters k\u00f8rsel fra Aalborg. Jeg tilbyder i min praksis forskellige tilgange, ind i en transformation med fokus p\u00e5 at bringe det frem der kalder p\u00e5 at blive m\u00f8dt k\u00e6rligt og n\u00e6nsomt fra hjertet. Jeg tilbyder i min [&hellip;]<\/p>\n","protected":false},"author":1,"featured_media":0,"parent":0,"menu_order":0,"comment_status":"closed","ping_status":"closed","template":"page-templates\/homepage.php","meta":{"footnotes":""},"class_list":["post-48","page","type-page","status-publish","hentry"],"_links":{"self":[{"href":"https:\/\/kraghterapi.dk\/index.php?rest_route=\/wp\/v2\/pages\/48","targetHints":{"allow":["GET"]}}],"collection":[{"href":"https:\/\/kraghterapi.dk\/index.php?rest_route=\/wp\/v2\/pages"}],"about":[{"href":"https:\/\/kraghterapi.dk\/index.php?rest_route=\/wp\/v2\/types\/page"}],"author":[{"embeddable":true,"href":"https:\/\/kraghterapi.dk\/index.php?rest_route=\/wp\/v2\/users\/1"}],"replies":[{"embeddable":true,"href":"https:\/\/kraghterapi.dk\/index.php?rest_route=%2Fwp%2Fv2%2Fcomments&post=48"}],"version-history":[{"count":20,"href":"https:\/\/kraghterapi.dk\/index.php?rest_route=\/wp\/v2\/pages\/48\/revisions"}],"predecessor-version":[{"id":1465,"href":"https:\/\/kraghterapi.dk\/index.php?rest_route=\/wp\/v2\/pages\/48\/revisions\/1465"}],"wp:attachment":[{"href":"https:\/\/kraghterapi.dk\/index.php?rest_route=%2Fwp%2Fv2%2Fmedia&parent=48"}],"curies":[{"name":"wp","href":"https:\/\/api.w.org\/{rel}","templated":true}]}}